{"id":32,"date":"2024-05-02T13:41:43","date_gmt":"2024-05-02T16:41:43","guid":{"rendered":"https:\/\/temp.aepapa.com.br\/?page_id=32"},"modified":"2024-07-11T09:08:17","modified_gmt":"2024-07-11T12:08:17","slug":"sobre","status":"publish","type":"page","link":"https:\/\/aepapa.com.br\/index.php\/sobre\/","title":{"rendered":"Sobre"},"content":{"rendered":"<p>[et_pb_section fb_built=&#8221;1&#8243; admin_label=&#8221;About Us Section&#8221; _builder_version=&#8221;4.16&#8243; custom_padding=&#8221;110px|0px|0px|0px||&#8221; global_colors_info=&#8221;{}&#8221;][et_pb_row column_structure=&#8221;1_2,1_2&#8243; _builder_version=&#8221;4.16&#8243; custom_padding=&#8221;|||&#8221; locked=&#8221;off&#8221; global_colors_info=&#8221;{}&#8221;][et_pb_column type=&#8221;1_2&#8243; _builder_version=&#8221;4.16&#8243; custom_padding=&#8221;|||&#8221; global_colors_info=&#8221;{}&#8221; custom_padding__hover=&#8221;|||&#8221;][et_pb_text _builder_version=&#8221;4.24.2&#8243; text_font=&#8221;||||||||&#8221; header_font=&#8221;||||||||&#8221; header_3_font=&#8221;Poppins|600|||||||&#8221; header_3_text_color=&#8221;#67428c&#8221; header_3_font_size=&#8221;36px&#8221; header_3_line_height=&#8221;1.4em&#8221; hover_enabled=&#8221;0&#8243; global_colors_info=&#8221;{}&#8221; sticky_enabled=&#8221;0&#8243;]<\/p>\n<h3>Sobre a AEPAPA<\/h3>\n<p>[\/et_pb_text][et_pb_text _builder_version=&#8221;4.16&#8243; text_font=&#8221;Open Sans||||||||&#8221; text_text_color=&#8221;#486066&#8243; text_font_size=&#8221;15px&#8221; text_line_height=&#8221;1.8em&#8221; header_font=&#8221;||||||||&#8221; custom_margin=&#8221;||60px|&#8221; global_colors_info=&#8221;{}&#8221;]<\/p>\n<p>Fundada h\u00e1 12 anos, a AEPAPA \u00e9 uma institui\u00e7\u00e3o pioneira e comprometida com o cuidado e a pesquisa da Doen\u00e7a de Alzheimer (DA). Ao longo de nossa trajet\u00f3ria, acumulamos mais de 10 mil atendimentos registrados, estabelecendo um legado de excel\u00eancia e dedica\u00e7\u00e3o no apoio \u00e0s pessoas afetadas pela DA e seus cuidadores familiares.<\/p>\n<p>Nosso compromisso vai al\u00e9m de simplesmente oferecer suporte. Na AEPAPA, acreditamos que cada indiv\u00edduo merece viver com dignidade, mesmo diante dos desafios impostos pela DA. Por isso, nossa miss\u00e3o \u00e9 proporcionar qualidade de vida, acolhimento e avan\u00e7os cient\u00edficos para todos os envolvidos nessa jornada.<\/p>\n<p>Na intersec\u00e7\u00e3o entre a assist\u00eancia social e a ci\u00eancia, a AEPAPA se destaca como um farol de esperan\u00e7a e solu\u00e7\u00e3o. Com uma abordagem hol\u00edstica, buscamos n\u00e3o apenas aliviar os sintomas da DA, mas tamb\u00e9m entender suas causas e desenvolver terapias inovadoras para melhorar a vida dos pacientes.<\/p>\n<p>Nossa equipe multidisciplinar, composta por profissionais dedicados e apaixonados pelo que fazem, trabalha incansavelmente para oferecer cuidados personalizados e suporte emocional tanto aos pacientes quanto aos seus familiares. Acreditamos que, ao unir o conhecimento cient\u00edfico \u00e0 compaix\u00e3o humana, podemos verdadeiramente fazer a diferen\u00e7a na vida das pessoas afetadas pela DA.<\/p>\n<p>Al\u00e9m disso, nossa parceria com o laborat\u00f3rio de neuroci\u00eancia e psicofarmacologia da Unicentro nos permite estar na vanguarda da pesquisa cient\u00edfica, contribuindo para o avan\u00e7o do entendimento e tratamento da DA n\u00e3o apenas a n\u00edvel nacional, mas tamb\u00e9m internacionalmente.<\/p>\n<p>Na AEPAPA, cada dia \u00e9 uma oportunidade de oferecer esperan\u00e7a, suporte e oportunidades para um futuro mais digno e promissor \u00e0s pessoas afetadas pela DA. Estamos comprometidos em ser um porto seguro em meio \u00e0s tempestades que a doen\u00e7a pode trazer, oferecendo um lugar onde o amor e a ci\u00eancia se encontram para transformar vidas.<\/p>\n<p>[\/et_pb_text][\/et_pb_column][et_pb_column type=&#8221;1_2&#8243; _builder_version=&#8221;4.16&#8243; custom_padding=&#8221;|||&#8221; global_colors_info=&#8221;{}&#8221; custom_padding__hover=&#8221;|||&#8221;][et_pb_image src=&#8221;https:\/\/temp.aepapa.com.br\/wp-content\/uploads\/2024\/06\/f255e46e-4ee1-4248-ad82-5982ade92c1b.jpg&#8221; title_text=&#8221;f255e46e-4ee1-4248-ad82-5982ade92c1b&#8221; align_tablet=&#8221;center&#8221; align_phone=&#8221;center&#8221; align_last_edited=&#8221;on|desktop&#8221; _builder_version=&#8221;4.24.2&#8243; animation_style=&#8221;fade&#8221; global_colors_info=&#8221;{}&#8221;][\/et_pb_image][\/et_pb_column][\/et_pb_row][\/et_pb_section][et_pb_section fb_built=&#8221;1&#8243; _builder_version=&#8221;4.24.2&#8243; _module_preset=&#8221;default&#8221; global_colors_info=&#8221;{}&#8221;][et_pb_row column_structure=&#8221;1_3,1_3,1_3&#8243; use_custom_gutter=&#8221;on&#8221; gutter_width=&#8221;2&#8243; column_padding_mobile=&#8221;on&#8221; custom_padding_last_edited=&#8221;on|phone&#8221; _builder_version=&#8221;4.16&#8243; background_size=&#8221;initial&#8221; background_position=&#8221;top_left&#8221; background_repeat=&#8221;repeat&#8221; custom_padding=&#8221;|||&#8221; custom_padding_tablet=&#8221;49px|||&#8221; custom_padding_phone=&#8221;19px|||&#8221; global_colors_info=&#8221;{}&#8221;][et_pb_column type=&#8221;1_3&#8243; _builder_version=&#8221;4.16&#8243; custom_padding=&#8221;|||&#8221; global_colors_info=&#8221;{}&#8221; custom_padding__hover=&#8221;|||&#8221;][et_pb_blurb title=&#8221;Vis\u00e3o&#8221; image=&#8221;https:\/\/temp.aepapa.com.br\/wp-content\/uploads\/2024\/05\/olho.png&#8221; image_icon_width=&#8221;32%&#8221; admin_label=&#8221;Class&#8221; _builder_version=&#8221;4.24.2&#8243; header_font=&#8221;Poppins|600|||||||&#8221; header_text_align=&#8221;center&#8221; header_text_color=&#8221;#486066&#8243; header_font_size=&#8221;18px&#8221; header_line_height=&#8221;1.3em&#8221; body_font=&#8221;Open Sans||||||||&#8221; body_text_align=&#8221;center&#8221; body_text_color=&#8221;#486066&#8243; body_line_height=&#8221;1.8em&#8221; background_color=&#8221;#ffffff&#8221; custom_margin=&#8221;|||&#8221; custom_padding=&#8221;40px|30px|40px|30px&#8221; animation_style=&#8221;fade&#8221; animation=&#8221;off&#8221; border_radii=&#8221;on|6px|6px|6px|6px&#8221; box_shadow_style=&#8221;preset1&#8243; box_shadow_vertical=&#8221;10px&#8221; box_shadow_blur=&#8221;24px&#8221; box_shadow_spread=&#8221;6px&#8221; box_shadow_color=&#8221;rgba(0,0,0,0.06)&#8221; global_colors_info=&#8221;{}&#8221;]<\/p>\n<p>Contribuir para a melhoria cont\u00ednua dos tratamentos e da qualidade de vida dos pacientes e seus familiares.<\/p>\n<p>[\/et_pb_blurb][\/et_pb_column][et_pb_column type=&#8221;1_3&#8243; _builder_version=&#8221;4.24.2&#8243; _module_preset=&#8221;default&#8221; global_colors_info=&#8221;{}&#8221;][et_pb_blurb title=&#8221;Miss\u00e3o&#8221; image=&#8221;https:\/\/temp.aepapa.com.br\/wp-content\/uploads\/2024\/05\/missao-1.png&#8221; image_icon_width=&#8221;32%&#8221; admin_label=&#8221;Class&#8221; _builder_version=&#8221;4.24.2&#8243; header_font=&#8221;Poppins|600|||||||&#8221; header_text_align=&#8221;center&#8221; header_text_color=&#8221;#486066&#8243; header_font_size=&#8221;18px&#8221; header_line_height=&#8221;1.3em&#8221; body_font=&#8221;Open Sans||||||||&#8221; body_text_align=&#8221;center&#8221; body_text_color=&#8221;#486066&#8243; body_line_height=&#8221;1.8em&#8221; background_color=&#8221;#ffffff&#8221; custom_margin=&#8221;|||&#8221; custom_padding=&#8221;40px|30px|40px|30px&#8221; animation_style=&#8221;fade&#8221; animation_delay=&#8221;100ms&#8221; animation=&#8221;off&#8221; border_radii=&#8221;on|6px|6px|6px|6px&#8221; box_shadow_style=&#8221;preset1&#8243; box_shadow_vertical=&#8221;10px&#8221; box_shadow_blur=&#8221;24px&#8221; box_shadow_spread=&#8221;6px&#8221; box_shadow_color=&#8221;rgba(0,0,0,0.06)&#8221; global_colors_info=&#8221;{}&#8221;]<\/p>\n<p>Promover o bem-estar f\u00edsico, mental e emocional das pessoas com Doen\u00e7a de Alzheimer.<\/p>\n<p>[\/et_pb_blurb][\/et_pb_column][et_pb_column type=&#8221;1_3&#8243; _builder_version=&#8221;4.16&#8243; custom_padding=&#8221;|||&#8221; global_colors_info=&#8221;{}&#8221; custom_padding__hover=&#8221;|||&#8221;][et_pb_blurb title=&#8221;Valores&#8221; image=&#8221;https:\/\/temp.aepapa.com.br\/wp-content\/uploads\/2024\/05\/coracao.png&#8221; image_icon_width=&#8221;32%&#8221; admin_label=&#8221;Class&#8221; _builder_version=&#8221;4.24.2&#8243; header_font=&#8221;Poppins|600|||||||&#8221; header_text_align=&#8221;center&#8221; header_text_color=&#8221;#486066&#8243; header_font_size=&#8221;18px&#8221; header_line_height=&#8221;1.3em&#8221; body_font=&#8221;Open Sans||||||||&#8221; body_text_align=&#8221;center&#8221; body_text_color=&#8221;#486066&#8243; body_line_height=&#8221;0.6em&#8221; background_color=&#8221;#ffffff&#8221; custom_margin=&#8221;|||&#8221; custom_padding=&#8221;40px|30px|40px|30px&#8221; animation_style=&#8221;fade&#8221; animation_delay=&#8221;200ms&#8221; animation=&#8221;off&#8221; border_radii=&#8221;on|6px|6px|6px|6px&#8221; box_shadow_style=&#8221;preset1&#8243; box_shadow_vertical=&#8221;10px&#8221; box_shadow_blur=&#8221;24px&#8221; box_shadow_spread=&#8221;6px&#8221; box_shadow_color=&#8221;rgba(0,0,0,0.06)&#8221; global_colors_info=&#8221;{}&#8221;]<\/p>\n<p>Empatia;<\/p>\n<p>Excel\u00eancia;<\/p>\n<p>Integridade;<\/p>\n<p>Colabora\u00e7\u00e3o.<\/p>\n<p>[\/et_pb_blurb][\/et_pb_column][\/et_pb_row][\/et_pb_section]<\/p>\n","protected":false},"excerpt":{"rendered":"<p>Sobre a AEPAPAFundada h\u00e1 12 anos, a AEPAPA \u00e9 uma institui\u00e7\u00e3o pioneira e comprometida com o cuidado e a pesquisa da Doen\u00e7a de Alzheimer (DA). Ao longo de nossa trajet\u00f3ria, acumulamos mais de 10 mil atendimentos registrados, estabelecendo um legado de excel\u00eancia e dedica\u00e7\u00e3o no apoio \u00e0s pessoas afetadas pela DA e seus cuidadores familiares. [&hellip;]<\/p>\n","protected":false},"author":1,"featured_media":0,"parent":0,"menu_order":0,"comment_status":"closed","ping_status":"closed","template":"","meta":{"_et_pb_use_builder":"on","_et_pb_old_content":"<!-- wp:divi\/placeholder \/-->","_et_gb_content_width":"","footnotes":""},"class_list":["post-32","page","type-page","status-publish","hentry"],"_links":{"self":[{"href":"https:\/\/aepapa.com.br\/index.php\/wp-json\/wp\/v2\/pages\/32","targetHints":{"allow":["GET"]}}],"collection":[{"href":"https:\/\/aepapa.com.br\/index.php\/wp-json\/wp\/v2\/pages"}],"about":[{"href":"https:\/\/aepapa.com.br\/index.php\/wp-json\/wp\/v2\/types\/page"}],"author":[{"embeddable":true,"href":"https:\/\/aepapa.com.br\/index.php\/wp-json\/wp\/v2\/users\/1"}],"replies":[{"embeddable":true,"href":"https:\/\/aepapa.com.br\/index.php\/wp-json\/wp\/v2\/comments?post=32"}],"version-history":[{"count":10,"href":"https:\/\/aepapa.com.br\/index.php\/wp-json\/wp\/v2\/pages\/32\/revisions"}],"predecessor-version":[{"id":198,"href":"https:\/\/aepapa.com.br\/index.php\/wp-json\/wp\/v2\/pages\/32\/revisions\/198"}],"wp:attachment":[{"href":"https:\/\/aepapa.com.br\/index.php\/wp-json\/wp\/v2\/media?parent=32"}],"curies":[{"name":"wp","href":"https:\/\/api.w.org\/{rel}","templated":true}]}}