{"id":9,"date":"2024-05-02T13:29:17","date_gmt":"2024-05-02T16:29:17","guid":{"rendered":"https:\/\/temp.aepapa.com.br\/?page_id=9"},"modified":"2025-09-10T17:09:33","modified_gmt":"2025-09-10T20:09:33","slug":"home","status":"publish","type":"page","link":"https:\/\/aepapa.com.br\/","title":{"rendered":"Home"},"content":{"rendered":"<p>[et_pb_section fb_built=&#8221;1&#8243; custom_padding_last_edited=&#8221;on|phone&#8221; admin_label=&#8221;Hero Section&#8221; _builder_version=&#8221;4.24.2&#8243; background_image=&#8221;https:\/\/temp.aepapa.com.br\/wp-content\/uploads\/2024\/07\/banner-aepapa-scaled.jpg&#8221; custom_padding=&#8221;37vh|0px|37vh|0px|true|false&#8221; custom_padding_tablet=&#8221;65vh|0px|65vh|0px|true|false&#8221; custom_padding_phone=&#8221;44vh|0px|44vh|0px|true|false&#8221; background_last_edited=&#8221;on|phone&#8221; background_image_tablet=&#8221;https:\/\/temp.aepapa.com.br\/wp-content\/uploads\/2024\/07\/banner-640.jpg&#8221; background_image_phone=&#8221;https:\/\/temp.aepapa.com.br\/wp-content\/uploads\/2024\/07\/banner-640.jpg&#8221; background_enable_image_tablet=&#8221;on&#8221; background_enable_image_phone=&#8221;on&#8221; global_colors_info=&#8221;{}&#8221;][\/et_pb_section][et_pb_section fb_built=&#8221;1&#8243; admin_label=&#8221;Become a Member Section&#8221; _builder_version=&#8221;4.16&#8243; background_color=&#8221;#fafbfc&#8221; custom_padding=&#8221;110px|0px|110px|0px&#8221; global_colors_info=&#8221;{}&#8221;][et_pb_row column_structure=&#8221;1_2,1_2&#8243; _builder_version=&#8221;4.16&#8243; custom_padding=&#8221;|||&#8221; locked=&#8221;off&#8221; global_colors_info=&#8221;{}&#8221;][et_pb_column type=&#8221;1_2&#8243; _builder_version=&#8221;4.16&#8243; custom_padding=&#8221;|||&#8221; global_colors_info=&#8221;{}&#8221; custom_padding__hover=&#8221;|||&#8221;][et_pb_text _builder_version=&#8221;4.24.2&#8243; text_font=&#8221;||||||||&#8221; header_font=&#8221;||||||||&#8221; header_3_font=&#8221;Poppins|600|||||||&#8221; header_3_text_color=&#8221;#67428c&#8221; header_3_font_size=&#8221;36px&#8221; header_3_line_height=&#8221;1.4em&#8221; global_colors_info=&#8221;{}&#8221;]<\/p>\n<h3>O que n\u00f3s fazemos?<\/h3>\n<p>[\/et_pb_text][et_pb_text _builder_version=&#8221;4.16&#8243; text_font=&#8221;Open Sans||||||||&#8221; text_text_color=&#8221;#486066&#8243; text_font_size=&#8221;15px&#8221; text_line_height=&#8221;1.8em&#8221; header_font=&#8221;||||||||&#8221; global_colors_info=&#8221;{}&#8221;]<\/p>\n<p>H\u00e1 12 anos, somos uma institui\u00e7\u00e3o dedicada ao cuidado e pesquisa da Doen\u00e7a de Alzheimer (DA). Com mais de 10 mil atendimentos registrados, nossa miss\u00e3o vai al\u00e9m do suporte: buscamos proporcionar qualidade de vida, acolhimento e avan\u00e7os cient\u00edficos para todos os envolvidos nessa jornada. Na intersec\u00e7\u00e3o entre a assist\u00eancia social e a ci\u00eancia, oferecemos esperan\u00e7a, suporte e oportunidades para um futuro mais digno e promissor \u00e0s pessoas afetadas pela DA. Junte-se a n\u00f3s nessa causa!<\/p>\n<p>[\/et_pb_text][\/et_pb_column][et_pb_column type=&#8221;1_2&#8243; _builder_version=&#8221;4.16&#8243; custom_padding=&#8221;|||&#8221; global_colors_info=&#8221;{}&#8221; custom_padding__hover=&#8221;|||&#8221;][et_pb_image src=&#8221;https:\/\/aepapa.com.br\/wp-content\/uploads\/2025\/09\/e0bbe5f7343781e578c63ca6bb18eecc.jpg&#8221; title_text=&#8221;e0bbe5f7343781e578c63ca6bb18eecc&#8221; align_tablet=&#8221;center&#8221; align_phone=&#8221;center&#8221; align_last_edited=&#8221;on|desktop&#8221; _builder_version=&#8221;4.24.2&#8243; animation_style=&#8221;slide&#8221; animation_direction=&#8221;left&#8221; animation_intensity_slide=&#8221;8%&#8221; hover_enabled=&#8221;0&#8243; global_colors_info=&#8221;{}&#8221; sticky_enabled=&#8221;0&#8243;][\/et_pb_image][\/et_pb_column][\/et_pb_row][et_pb_row column_structure=&#8221;1_3,1_3,1_3&#8243; admin_label=&#8221;Statistics&#8221; _builder_version=&#8221;4.16&#8243; custom_margin=&#8221;100px|||&#8221; custom_padding=&#8221;|40px||40px&#8221; border_radii=&#8221;on|6px|6px|6px|6px&#8221; box_shadow_style=&#8221;preset1&#8243; box_shadow_vertical=&#8221;10px&#8221; box_shadow_blur=&#8221;24px&#8221; box_shadow_spread=&#8221;6px&#8221; box_shadow_color=&#8221;rgba(0,0,0,0.06)&#8221; global_colors_info=&#8221;{}&#8221;][et_pb_column type=&#8221;1_3&#8243; _builder_version=&#8221;4.16&#8243; custom_padding=&#8221;|||&#8221; global_colors_info=&#8221;{}&#8221; custom_padding__hover=&#8221;|||&#8221;][et_pb_number_counter title=&#8221;Atendimentos realizados&#8221; number=&#8221;4200&#8243; percent_sign=&#8221;off&#8221; _builder_version=&#8221;4.24.2&#8243; title_font=&#8221;Poppins||||||||&#8221; title_text_color=&#8221;#486066&#8243; title_font_size=&#8221;15px&#8221; title_line_height=&#8221;1.4em&#8221; number_font=&#8221;Poppins||||||||&#8221; number_text_color=&#8221;#67428c&#8221; number_font_size=&#8221;48px&#8221; number_line_height=&#8221;100px&#8221; animation_style=&#8221;fade&#8221; global_colors_info=&#8221;{}&#8221;][\/et_pb_number_counter][\/et_pb_column][et_pb_column type=&#8221;1_3&#8243; _builder_version=&#8221;4.16&#8243; custom_padding=&#8221;|||&#8221; global_colors_info=&#8221;{}&#8221; custom_padding__hover=&#8221;|||&#8221;][et_pb_number_counter title=&#8221;Projetos implementados&#8221; number=&#8221;10&#8243; percent_sign=&#8221;off&#8221; _builder_version=&#8221;4.24.2&#8243; title_font=&#8221;Poppins||||||||&#8221; title_text_color=&#8221;#486066&#8243; title_font_size=&#8221;15px&#8221; title_line_height=&#8221;1.4em&#8221; number_font=&#8221;Poppins||||||||&#8221; number_text_color=&#8221;#67428c&#8221; number_font_size=&#8221;48px&#8221; number_line_height=&#8221;100px&#8221; animation_style=&#8221;fade&#8221; animation_delay=&#8221;100ms&#8221; global_colors_info=&#8221;{}&#8221;][\/et_pb_number_counter][\/et_pb_column][et_pb_column type=&#8221;1_3&#8243; _builder_version=&#8221;4.16&#8243; custom_padding=&#8221;|||&#8221; global_colors_info=&#8221;{}&#8221; custom_padding__hover=&#8221;|||&#8221;][et_pb_number_counter title=&#8221;Fam\u00edlias atendidas&#8221; number=&#8221;180&#8243; percent_sign=&#8221;off&#8221; _builder_version=&#8221;4.24.2&#8243; title_font=&#8221;Poppins||||||||&#8221; title_text_color=&#8221;#486066&#8243; title_font_size=&#8221;15px&#8221; title_line_height=&#8221;1.4em&#8221; number_font=&#8221;Poppins||||||||&#8221; number_text_color=&#8221;#67428c&#8221; number_font_size=&#8221;48px&#8221; number_line_height=&#8221;100px&#8221; animation_style=&#8221;fade&#8221; animation_delay=&#8221;200ms&#8221; global_colors_info=&#8221;{}&#8221;][\/et_pb_number_counter][\/et_pb_column][\/et_pb_row][\/et_pb_section][et_pb_section fb_built=&#8221;1&#8243; admin_label=&#8221;Join Now Call to Action&#8221; _builder_version=&#8221;4.24.2&#8243; use_background_color_gradient=&#8221;on&#8221; background_color_gradient_direction=&#8221;221deg&#8221; background_color_gradient_stops=&#8221;#67428c 24%|#0da697 100%&#8221; background_color_gradient_start=&#8221;#1bb3eb&#8221; background_color_gradient_end=&#8221;#25efcb&#8221; custom_margin=&#8221;|||&#8221; custom_padding=&#8221;110px|0px|110px|0px&#8221; global_colors_info=&#8221;{}&#8221;][et_pb_row _builder_version=&#8221;4.16&#8243; locked=&#8221;off&#8221; global_colors_info=&#8221;{}&#8221;][et_pb_column type=&#8221;4_4&#8243; _builder_version=&#8221;4.16&#8243; custom_padding=&#8221;|||&#8221; global_colors_info=&#8221;{}&#8221; custom_padding__hover=&#8221;|||&#8221;][et_pb_text _builder_version=&#8221;4.24.2&#8243; text_font=&#8221;||||||||&#8221; header_font=&#8221;||||||||&#8221; header_text_align=&#8221;center&#8221; header_3_font=&#8221;Poppins|600|||||||&#8221; header_3_font_size=&#8221;36px&#8221; header_3_line_height=&#8221;1.4em&#8221; text_orientation=&#8221;center&#8221; background_layout=&#8221;dark&#8221; global_colors_info=&#8221;{}&#8221;]<\/p>\n<h3>Nossos depoimentos<\/h3>\n<p>[\/et_pb_text][\/et_pb_column][\/et_pb_row][et_pb_row column_structure=&#8221;1_3,1_3,1_3&#8243; use_custom_gutter=&#8221;on&#8221; gutter_width=&#8221;2&#8243; column_padding_mobile=&#8221;on&#8221; custom_padding_last_edited=&#8221;off|desktop&#8221; admin_label=&#8221;Testimonials&#8221; _builder_version=&#8221;4.16&#8243; background_size=&#8221;initial&#8221; background_position=&#8221;top_left&#8221; background_repeat=&#8221;repeat&#8221; custom_margin=&#8221;|auto|-1px|auto||&#8221; custom_padding=&#8221;|||&#8221; custom_padding_tablet=&#8221;49px|||&#8221; custom_padding_phone=&#8221;19px|||&#8221; global_colors_info=&#8221;{}&#8221;][et_pb_column type=&#8221;1_3&#8243; _builder_version=&#8221;4.16&#8243; custom_padding=&#8221;|||&#8221; global_colors_info=&#8221;{}&#8221; custom_padding__hover=&#8221;|||&#8221;][et_pb_testimonial author=&#8221;Maria, 84 anos&#8221; portrait_url=&#8221;https:\/\/temp.aepapa.com.br\/wp-content\/uploads\/2024\/05\/Maria-Geni.png&#8221; quote_icon=&#8221;off&#8221; portrait_width=&#8221;100px&#8221; portrait_height=&#8221;100px&#8221; _builder_version=&#8221;4.24.2&#8243; body_font=&#8221;Open Sans||||||||&#8221; body_text_color=&#8221;#486066&#8243; body_font_size=&#8221;15px&#8221; body_line_height=&#8221;1.8em&#8221; background_color=&#8221;#ffffff&#8221; animation_style=&#8221;fade&#8221; hover_enabled=&#8221;0&#8243; custom_css_testimonial_description=&#8221;overflow-y: scroll;||height: 30vh;&#8221; border_radii=&#8221;on|6px|6px|6px|6px&#8221; box_shadow_style=&#8221;preset1&#8243; box_shadow_vertical=&#8221;10px&#8221; box_shadow_blur=&#8221;24px&#8221; box_shadow_spread=&#8221;6px&#8221; box_shadow_color=&#8221;rgba(0,0,0,0.06)&#8221; locked=&#8221;off&#8221; global_colors_info=&#8221;{}&#8221; sticky_enabled=&#8221;0&#8243;]<\/p>\n<p>Gostaria de agradecer voc\u00ea e toda a equipe da AEPAPA, pela aten\u00e7\u00e3o e cuidado que voc\u00eas t\u00eam tido com minha m\u00e3e,<\/p>\n<p>E conosco tamb\u00e9m, se n\u00e3o tiv\u00e9ssemos o suporte de voc\u00eas n\u00e3o sei como seria, ter nos emprestado, a cama hospitalar colch\u00e3o infl\u00e1vel, cadeira de rodas andador, est\u00e1 fazendo toda diferen\u00e7a, inclusive as visitas que voc\u00eas fazem aqui em nossa casa as orienta\u00e7\u00f5es tudo isso est\u00e1 nos ajudando muito.<\/p>\n<p>[\/et_pb_testimonial][\/et_pb_column][et_pb_column type=&#8221;1_3&#8243; _builder_version=&#8221;4.16&#8243; custom_padding=&#8221;|||&#8221; global_colors_info=&#8221;{}&#8221; custom_padding__hover=&#8221;|||&#8221;][et_pb_testimonial author=&#8221;Ione, 83 anos&#8221; portrait_url=&#8221;https:\/\/temp.aepapa.com.br\/wp-content\/uploads\/2024\/05\/Screenshot_4.png&#8221; quote_icon=&#8221;off&#8221; portrait_width=&#8221;100px&#8221; portrait_height=&#8221;100px&#8221; _builder_version=&#8221;4.24.2&#8243; body_font=&#8221;Open Sans||||||||&#8221; body_text_color=&#8221;#486066&#8243; body_font_size=&#8221;15px&#8221; body_line_height=&#8221;1.8em&#8221; background_color=&#8221;#ffffff&#8221; animation_style=&#8221;fade&#8221; custom_css_testimonial_description=&#8221;overflow-y: scroll;||height: 30vh;&#8221; border_radii=&#8221;on|6px|6px|6px|6px&#8221; box_shadow_style=&#8221;preset1&#8243; box_shadow_vertical=&#8221;10px&#8221; box_shadow_blur=&#8221;24px&#8221; box_shadow_spread=&#8221;6px&#8221; box_shadow_color=&#8221;rgba(0,0,0,0.06)&#8221; locked=&#8221;off&#8221; global_colors_info=&#8221;{}&#8221;]<\/p>\n<p><span>AEPAPA fez muita diferen\u00e7a, em nossa vida. Ajudam muito bem nas \u00e1reas de atendimento, minha m\u00e3e \u00e9 muito bem tratada por todos. Um excelente trabalho todos prestam quando preciso<\/span><\/p>\n<p>[\/et_pb_testimonial][\/et_pb_column][et_pb_column type=&#8221;1_3&#8243; _builder_version=&#8221;4.24.2&#8243; _module_preset=&#8221;default&#8221; global_colors_info=&#8221;{}&#8221;][et_pb_testimonial author=&#8221;Silvestre, 66 anos&#8221; portrait_url=&#8221;https:\/\/temp.aepapa.com.br\/wp-content\/uploads\/2024\/05\/Screenshot_5.png&#8221; quote_icon=&#8221;off&#8221; portrait_width=&#8221;100px&#8221; portrait_height=&#8221;100px&#8221; _builder_version=&#8221;4.24.2&#8243; body_font=&#8221;Open Sans||||||||&#8221; body_text_color=&#8221;#486066&#8243; body_font_size=&#8221;15px&#8221; body_line_height=&#8221;1.8em&#8221; background_color=&#8221;#ffffff&#8221; animation_style=&#8221;fade&#8221; custom_css_testimonial_description=&#8221;overflow-y: scroll;||height: 30vh;&#8221; border_radii=&#8221;on|6px|6px|6px|6px&#8221; box_shadow_style=&#8221;preset1&#8243; box_shadow_vertical=&#8221;10px&#8221; box_shadow_blur=&#8221;24px&#8221; box_shadow_spread=&#8221;6px&#8221; box_shadow_color=&#8221;rgba(0,0,0,0.06)&#8221; locked=&#8221;off&#8221; global_colors_info=&#8221;{}&#8221;]<\/p>\n<p><span>AEPAPA pra n\u00f3s \u00e9 muito bom \u00e9 onde n\u00f3s encontramos ajuda pro Silvestre meu esposo, que tem um problema depois que meu filho Andr\u00e9 descobriu que tinha essa assist\u00eancia que podia ajudar n\u00f3s agora n\u00e3o estamos sozinhos, as pessoas que trabalham l\u00e1 s\u00e3o maravilhosas a Sara \u00e9 uma pessoa muito querida, a Psic\u00f3loga Carina, \u00e9 bem atenciosa com n\u00f3s o Renan tamb\u00e9m \u00e9 um rapaz querido, enfim todos s\u00e3o muito bons.<\/span><\/p>\n<p>[\/et_pb_testimonial][\/et_pb_column][\/et_pb_row][\/et_pb_section]<\/p>\n","protected":false},"excerpt":{"rendered":"<p>O que n\u00f3s fazemos?H\u00e1 12 anos, somos uma institui\u00e7\u00e3o dedicada ao cuidado e pesquisa da Doen\u00e7a de Alzheimer (DA). Com mais de 10 mil atendimentos registrados, nossa miss\u00e3o vai al\u00e9m do suporte: buscamos proporcionar qualidade de vida, acolhimento e avan\u00e7os cient\u00edficos para todos os envolvidos nessa jornada. Na intersec\u00e7\u00e3o entre a assist\u00eancia social e a [&hellip;]<\/p>\n","protected":false},"author":1,"featured_media":0,"parent":0,"menu_order":0,"comment_status":"closed","ping_status":"closed","template":"","meta":{"_et_pb_use_builder":"on","_et_pb_old_content":"","_et_gb_content_width":"","footnotes":""},"class_list":["post-9","page","type-page","status-publish","hentry"],"_links":{"self":[{"href":"https:\/\/aepapa.com.br\/index.php\/wp-json\/wp\/v2\/pages\/9","targetHints":{"allow":["GET"]}}],"collection":[{"href":"https:\/\/aepapa.com.br\/index.php\/wp-json\/wp\/v2\/pages"}],"about":[{"href":"https:\/\/aepapa.com.br\/index.php\/wp-json\/wp\/v2\/types\/page"}],"author":[{"embeddable":true,"href":"https:\/\/aepapa.com.br\/index.php\/wp-json\/wp\/v2\/users\/1"}],"replies":[{"embeddable":true,"href":"https:\/\/aepapa.com.br\/index.php\/wp-json\/wp\/v2\/comments?post=9"}],"version-history":[{"count":25,"href":"https:\/\/aepapa.com.br\/index.php\/wp-json\/wp\/v2\/pages\/9\/revisions"}],"predecessor-version":[{"id":397,"href":"https:\/\/aepapa.com.br\/index.php\/wp-json\/wp\/v2\/pages\/9\/revisions\/397"}],"wp:attachment":[{"href":"https:\/\/aepapa.com.br\/index.php\/wp-json\/wp\/v2\/media?parent=9"}],"curies":[{"name":"wp","href":"https:\/\/api.w.org\/{rel}","templated":true}]}}